{"id":1984,"date":"2019-12-10T16:23:40","date_gmt":"2019-12-10T15:23:40","guid":{"rendered":"https:\/\/www.wanders.de\/ueber-uns\/"},"modified":"2019-12-18T00:02:14","modified_gmt":"2019-12-17T23:02:14","slug":"ueber-uns","status":"publish","type":"page","link":"https:\/\/www.wanders.de\/de\/ueber-uns\/","title":{"rendered":"\u00dcber uns"},"content":{"rendered":"<p>[et_pb_section fb_built=&#8220;1&#8243; module_id=&#8220;menu_spacing&#8220; _builder_version=&#8220;4.0.7&#8243; background_color=&#8220;#ffffff&#8220; custom_margin=&#8220;||||false|false&#8220; custom_padding=&#8220;||||false|false&#8220; hover_enabled=&#8220;0&#8243;][et_pb_row use_custom_gutter=&#8220;on&#8220; gutter_width=&#8220;1&#8243; _builder_version=&#8220;4.0.3&#8243; width=&#8220;75%&#8220; width_tablet=&#8220;90%&#8220; width_phone=&#8220;95%&#8220; width_last_edited=&#8220;on|desktop&#8220; max_width=&#8220;199%&#8220;][et_pb_column type=&#8220;4_4&#8243; _builder_version=&#8220;4.0.3&#8243;][et_pb_text _builder_version=&#8220;4.0.3&#8243; text_text_color=&#8220;#000000&#8243; header_font=&#8220;|700||on|||||&#8220; header_text_align=&#8220;center&#8220; header_text_color=&#8220;#ffcb08&#8243; header_2_font=&#8220;|600|||||||&#8220; header_2_text_color=&#8220;#000000&#8243; header_2_font_size=&#8220;35px&#8220; header_2_letter_spacing=&#8220;1px&#8220; header_3_font=&#8220;|600|||||||&#8220; header_3_text_color=&#8220;#000000&#8243; header_3_letter_spacing=&#8220;1px&#8220; animation_style=&#8220;slide&#8220; animation_direction=&#8220;top&#8220; animation_delay=&#8220;500ms&#8220; animation_intensity_slide=&#8220;1%&#8220; header_text_shadow_style=&#8220;preset5&#8243; header_text_shadow_horizontal_length=&#8220;0.06em&#8220; header_text_shadow_vertical_length=&#8220;0.06em&#8220; header_text_shadow_color=&#8220;#0072bc&#8220;]<\/p>\n<h1>Geschichte des Unternehmens<\/h1>\n<p>[\/et_pb_text][\/et_pb_column][\/et_pb_row][et_pb_row column_structure=&#8220;1_2,1_2&#8243; use_custom_gutter=&#8220;on&#8220; gutter_width=&#8220;1&#8243; make_equal=&#8220;on&#8220; _builder_version=&#8220;4.0.3&#8243; width=&#8220;75%&#8220; width_tablet=&#8220;90%&#8220; width_phone=&#8220;95%&#8220; width_last_edited=&#8220;on|desktop&#8220; max_width=&#8220;199%&#8220;][et_pb_column type=&#8220;1_2&#8243; _builder_version=&#8220;4.0.3&#8243; custom_padding=&#8220;|1vw|||false|false&#8220; animation_style=&#8220;slide&#8220; animation_direction=&#8220;top&#8220; animation_delay=&#8220;1000ms&#8220; animation_intensity_slide=&#8220;1%&#8220; border_width_right=&#8220;1px&#8220; border_color_right=&#8220;#0072bc&#8220; border_width_right_tablet=&#8220;0px&#8220; border_width_right_phone=&#8220;&#8220; border_width_right_last_edited=&#8220;on|tablet&#8220;][et_pb_text _builder_version=&#8220;4.0.3&#8243; text_text_color=&#8220;#000000&#8243; header_2_font=&#8220;|600|||||||&#8220; header_2_text_color=&#8220;#000000&#8243; header_2_font_size=&#8220;35px&#8220; header_2_letter_spacing=&#8220;1px&#8220; header_3_font=&#8220;|600|||||||&#8220; header_3_text_color=&#8220;#000000&#8243; header_3_letter_spacing=&#8220;1px&#8220;]<\/p>\n<h2>Familienunternehmen Wanders<\/h2>\n<p>Der Name Wanders steht f\u00fcr eines der \u00e4ltesten Familienunternehmen der Kunststofffensterindustrie. Das Unternehmen wurde 1926 von Johan Wanders als Schreinerei im Dorf Rindern bei Kleve gegr\u00fcndet. Nach dem Krieg wurde das Unternehmen an die beiden \u00e4ltesten S\u00f6hne Paul und Georg Wanders \u00fcbergeben. Paul und Georg haben in den 1960er Jahren den innovativen Schritt des Holzes zu den neuen Produkten Kunststoffl\u00e4den und Kunststoffrahmen gemacht.<\/p>\n<p>Der 15-j\u00e4hrige Bruder und Architekt Josef Wanders hat 1986\/1989 die Nachfolge seiner Br\u00fcder antrat. Sein Sohn Peter wurde nach und nach in die Gesch\u00e4ftsf\u00fchrung versetzt. 1991 baute Josef Wanders auf dem Industriegebiet Kleve eine neue Fensterfabrik und 1995 baute Peter Wanders einen neuen Showroom neben der Fensterfabrik. 1998 \u00fcbernahm Peter das Gesch\u00e4ft offiziell komplett von seinem Vater Josef und baute ein Lager f\u00fcr die Lagerung von Profilen und produkten, die 2006 trocken parallel von mehreren Montageteams verladen werden k\u00f6nnen.<\/p>\n<p>Ziel ist es, das Gesch\u00e4ft f\u00fcr die n\u00e4chste Generation Jan, Tom, Emma und Fritz Wanders aufzubauen und zu erhalten.<\/p>\n<h3>Alles in einer Hand<\/h3>\n<p>Die Eigenschaften unseres Familienunternehmens, das Ihnen als Kunde wichtig ist, sind:<\/p>\n<ul>\n<li>Vertrieb durch langj\u00e4hrige und erfahrene Mitarbeiter und Peter Wanders selbst<\/li>\n<li>Eigenproduktion in der Fensterfabrik<\/li>\n<li>eigene Montage<\/li>\n<li>eigener Kundenservice<\/li>\n<li>alle Festangestellten<\/li>\n<\/ul>\n<p>Heute arbeiten mehr als 25 Mitarbeiter f\u00fcr Wanders, einige seit \u00fcber 40 Jahren, die meisten \u00fcber 20 Jahre. Das sind alles erfahrene Profis, die mit Herz und Seele arbeiten.[\/et_pb_text][\/et_pb_column][et_pb_column type=&#8220;1_2&#8243; _builder_version=&#8220;4.0.3&#8243; custom_padding=&#8220;|||1vw|false|false&#8220; animation_style=&#8220;slide&#8220; animation_direction=&#8220;top&#8220; animation_delay=&#8220;1500ms&#8220; animation_intensity_slide=&#8220;1%&#8220; border_width_left=&#8220;1px&#8220; border_color_left=&#8220;#0072bc&#8220; border_width_left_tablet=&#8220;0px&#8220; border_width_left_phone=&#8220;&#8220; border_width_left_last_edited=&#8220;on|tablet&#8220;][et_pb_text _builder_version=&#8220;4.0.3&#8243; text_text_color=&#8220;#000000&#8243; header_2_font=&#8220;|600|||||||&#8220; header_2_text_color=&#8220;#000000&#8243; header_2_font_size=&#8220;35px&#8220; header_2_letter_spacing=&#8220;1px&#8220; header_3_font=&#8220;|600|||||||&#8220; header_3_text_color=&#8220;#000000&#8243; header_3_letter_spacing=&#8220;1px&#8220;]<\/p>\n<h3>Kontinuit\u00e4t und Innovation<\/h3>\n<p>Kontinuit\u00e4t ist f\u00fcr uns als Familienunternehmen eines der Schl\u00fcsselkonzepte: Kontinuit\u00e4t durch langj\u00e4hrige, erfahrene Mitarbeiter, Kontinuit\u00e4t im Handwerk und Kontinuit\u00e4t in der Qualit\u00e4t. Innovation, moderne Produkte, alles aktuell, spielen ebenfalls eine wichtige Rolle. Deshalb fertigen wir unsere Rahmen mit modernsten und modernsten Kunststoff-Fensterbaumaschinen. Wir bauen unsere Rahmen aus Halbzeugen, die von marktf\u00fchrenden Herstellern von Kunststoffprofilen (Rehau), Teig (z.B. Winkhaus und Fuhr) und Glas hergestellt werden. (Um ein Beispiel f\u00fcr das Know-how von Rehau zu nennen: Von den in Europa produzierenden Automobilherstellern arbeitet nur Fiat nicht mit Rehau-Teilen.)<\/p>\n<h3>Nachhaltige Anpassung<\/h3>\n<p>Als Familienunternehmen sind wir kein Massenproduzent. Unser Ziel ist kein billiges Produkt. Was wir bauen, ist ma\u00dfgeschneidert. Und diese Anpassung muss nachhaltig sein. Gr\u00fcnder Johan Wanders gab den n\u00e4chsten Generationen: &#8222;Kompromisse auf Kosten der Qualit\u00e4t, um ein Produkt billiger zu machen. Sie liefern ein solches Produkt nur einmal in Ihrem Leben an einen Kunden. Wenn es zu fr\u00fch bricht, verkaufen Sie dieses Produkt nie wieder an diesen Kunden und in seiner Umgebung. Was wir liefern, muss daher von hoher Qualit\u00e4t, langlebig und zuverl\u00e4ssig sein. Dies f\u00fchrt zu Mundpropaganda unserer Kunden mit Familie, Bekannten, Freunden und Kollegen.<\/p>\n<p>Diese Kundenzufriedenheit garantiert uns als Familienunternehmen Kontinuit\u00e4t in die Zukunft, auf die sich die n\u00e4chste Wanders-Generation und Sie als Kunden verlassen k\u00f6nnen.<\/p>\n<p>Wir freuen uns und sind stolz auf die Dutzenden positiver Kundenreaktionen bei Tros Radar, Vara Kassa, dem Verbraucherverband und dem Vereniging Eigen Huis.<\/p>\n<p>[\/et_pb_text][\/et_pb_column][\/et_pb_row][et_pb_row use_custom_gutter=&#8220;on&#8220; gutter_width=&#8220;1&#8243; _builder_version=&#8220;4.0.3&#8243; width=&#8220;75%&#8220; width_tablet=&#8220;90%&#8220; width_phone=&#8220;95%&#8220; width_last_edited=&#8220;on|desktop&#8220; max_width=&#8220;199%&#8220; custom_padding=&#8220;100px||0px||false|false&#8220;][et_pb_column type=&#8220;4_4&#8243; _builder_version=&#8220;4.0.3&#8243;][et_pb_text _builder_version=&#8220;4.0.3&#8243; text_text_color=&#8220;#000000&#8243; header_font=&#8220;|700||on|||||&#8220; header_text_align=&#8220;center&#8220; header_text_color=&#8220;#ffcb08&#8243; header_2_font=&#8220;|700||on|||||&#8220; header_2_text_align=&#8220;center&#8220; header_2_text_color=&#8220;#ffcb08&#8243; header_3_font=&#8220;|600|||||||&#8220; header_3_text_color=&#8220;#000000&#8243; header_3_letter_spacing=&#8220;1px&#8220; animation_style=&#8220;slide&#8220; animation_direction=&#8220;top&#8220; animation_intensity_slide=&#8220;1%&#8220; header_text_shadow_style=&#8220;preset5&#8243; header_text_shadow_horizontal_length=&#8220;0.06em&#8220; header_text_shadow_vertical_length=&#8220;0.06em&#8220; header_text_shadow_color=&#8220;#0072bc&#8220; header_2_text_shadow_style=&#8220;preset5&#8243; header_2_text_shadow_horizontal_length=&#8220;0.06em&#8220; header_2_text_shadow_vertical_length=&#8220;0.06em&#8220; header_2_text_shadow_color=&#8220;#0072bc&#8220;]<\/p>\n<h2>WIR STELLEN UNS VOR:<\/h2>\n<p>[\/et_pb_text][\/et_pb_column][\/et_pb_row][et_pb_row column_structure=&#8220;1_5,1_5,1_5,1_5,1_5&#8243; use_custom_gutter=&#8220;on&#8220; gutter_width=&#8220;1&#8243; make_equal=&#8220;on&#8220; _builder_version=&#8220;4.0.3&#8243; width=&#8220;75%&#8220; width_tablet=&#8220;90%&#8220; width_phone=&#8220;95%&#8220; width_last_edited=&#8220;on|desktop&#8220; max_width=&#8220;199%&#8220; custom_padding=&#8220;0px||0px||true|false&#8220; animation_style=&#8220;slide&#8220; animation_direction=&#8220;bottom&#8220; animation_intensity_slide=&#8220;10%&#8220;][et_pb_column type=&#8220;1_5&#8243; _builder_version=&#8220;4.0.3&#8243;][et_pb_blurb title=&#8220;Peter Wanders&#8220; image=&#8220;https:\/\/www.wanders.de\/wp-content\/uploads\/peter_wanders.jpg&#8220; content_max_width=&#8220;500px&#8220; _builder_version=&#8220;4.0.3&#8243; header_font=&#8220;|600|||||||&#8220; header_text_align=&#8220;center&#8220; header_text_color=&#8220;#000000&#8243; header_font_size=&#8220;25px&#8220; header_letter_spacing=&#8220;1px&#8220; body_font=&#8220;|600|||||||&#8220; body_text_align=&#8220;center&#8220; body_text_color=&#8220;#0072bc&#8220; body_font_size=&#8220;15px&#8220; transform_translate_linked=&#8220;off&#8220; module_alignment=&#8220;center&#8220; custom_margin=&#8220;||||false|false&#8220; custom_padding=&#8220;25px|25px|25px|25px|false|true&#8220; dss_open_in_lightbox=&#8220;on&#8220; border_radii_image=&#8220;on|5px|5px|5px|5px&#8220; border_width_all_image=&#8220;2px&#8220; border_color_all_image=&#8220;#0072bc&#8220; child_filter_saturate__hover_enabled=&#8220;on|hover&#8220; transform_styles__hover_enabled=&#8220;on|hover&#8220; transform_scale__hover_enabled=&#8220;on|desktop&#8220; transform_translate__hover_enabled=&#8220;on|hover&#8220; transform_rotate__hover_enabled=&#8220;on|desktop&#8220; transform_skew__hover_enabled=&#8220;on|desktop&#8220; transform_origin__hover_enabled=&#8220;on|desktop&#8220; transform_translate__hover=&#8220;0px|-20px&#8220;]<\/p>\n<p>Besitzer<br \/> (5. Wanders im Unternehmen)<\/p>\n<p>[\/et_pb_blurb][\/et_pb_column][et_pb_column type=&#8220;1_5&#8243; _builder_version=&#8220;4.0.3&#8243;][et_pb_blurb title=&#8220;Hubert Voldenberg&#8220; image=&#8220;https:\/\/www.wanders.de\/wp-content\/uploads\/hubert_voldenborg.jpg&#8220; content_max_width=&#8220;500px&#8220; _builder_version=&#8220;4.0.7&#8243; header_font=&#8220;|600|||||||&#8220; header_text_align=&#8220;center&#8220; header_text_color=&#8220;#000000&#8243; header_font_size=&#8220;25px&#8220; header_letter_spacing=&#8220;1px&#8220; body_font=&#8220;|600|||||||&#8220; body_text_align=&#8220;center&#8220; body_text_color=&#8220;#0072bc&#8220; body_font_size=&#8220;15px&#8220; transform_translate_linked=&#8220;off&#8220; module_alignment=&#8220;center&#8220; custom_padding=&#8220;25px|25px|25px|25px|true|true&#8220; animation_direction=&#8220;bottom&#8220; dss_open_in_lightbox=&#8220;on&#8220; border_radii_image=&#8220;on|5px|5px|5px|5px&#8220; border_width_all_image=&#8220;2px&#8220; border_color_all_image=&#8220;#0072bc&#8220; child_filter_saturate__hover_enabled=&#8220;on|hover&#8220; transform_styles__hover_enabled=&#8220;on|hover&#8220; transform_scale__hover_enabled=&#8220;on|desktop&#8220; transform_translate__hover=&#8220;0px|-20px&#8220; transform_translate__hover_enabled=&#8220;on|hover&#8220; transform_rotate__hover_enabled=&#8220;on|desktop&#8220; transform_skew__hover_enabled=&#8220;on|desktop&#8220; transform_origin__hover_enabled=&#8220;on|desktop&#8220;]Produktionsleiter-Koordinator[\/et_pb_blurb][\/et_pb_column][et_pb_column type=&#8220;1_5&#8243; _builder_version=&#8220;4.0.3&#8243;][et_pb_blurb title=&#8220;Edwin Bekker&#8220; image=&#8220;https:\/\/www.wanders.de\/wp-content\/uploads\/Edwin.jpg&#8220; content_max_width=&#8220;500px&#8220; _builder_version=&#8220;4.0.3&#8243; header_font=&#8220;|600|||||||&#8220; header_text_align=&#8220;center&#8220; header_text_color=&#8220;#000000&#8243; header_font_size=&#8220;25px&#8220; header_letter_spacing=&#8220;1px&#8220; body_font=&#8220;|600|||||||&#8220; body_text_align=&#8220;center&#8220; body_text_color=&#8220;#0072bc&#8220; body_font_size=&#8220;15px&#8220; transform_translate_linked=&#8220;off&#8220; module_alignment=&#8220;center&#8220; custom_padding=&#8220;25px|25px|25px|25px|true|true&#8220; animation_direction=&#8220;bottom&#8220; dss_open_in_lightbox=&#8220;on&#8220; border_radii_image=&#8220;on|5px|5px|5px|5px&#8220; border_width_all_image=&#8220;2px&#8220; border_color_all_image=&#8220;#0072bc&#8220; child_filter_saturate__hover_enabled=&#8220;on|hover&#8220; transform_styles__hover_enabled=&#8220;on|hover&#8220; transform_scale__hover_enabled=&#8220;on|hover&#8220; transform_translate__hover=&#8220;0px|-20px&#8220; transform_translate__hover_enabled=&#8220;on|hover&#8220; transform_rotate__hover_enabled=&#8220;on|desktop&#8220; transform_skew__hover_enabled=&#8220;on|desktop&#8220; transform_origin__hover_enabled=&#8220;on|desktop&#8220;]Verkauf[\/et_pb_blurb][\/et_pb_column][et_pb_column type=&#8220;1_5&#8243; _builder_version=&#8220;4.0.3&#8243;][et_pb_blurb title=&#8220;Dirk Kutscheid&#8220; image=&#8220;https:\/\/www.wanders.de\/wp-content\/uploads\/dirk_kutscheid.jpg&#8220; content_max_width=&#8220;500px&#8220; _builder_version=&#8220;4.0.3&#8243; header_font=&#8220;|600|||||||&#8220; header_text_align=&#8220;center&#8220; header_text_color=&#8220;#000000&#8243; header_font_size=&#8220;25px&#8220; header_letter_spacing=&#8220;1px&#8220; body_font=&#8220;|600|||||||&#8220; body_text_align=&#8220;center&#8220; body_text_color=&#8220;#0072bc&#8220; body_font_size=&#8220;15px&#8220; transform_translate_linked=&#8220;off&#8220; module_alignment=&#8220;center&#8220; custom_padding=&#8220;25px|25px|25px|25px|true|true&#8220; animation_direction=&#8220;bottom&#8220; dss_open_in_lightbox=&#8220;on&#8220; border_radii_image=&#8220;on|5px|5px|5px|5px&#8220; border_width_all_image=&#8220;2px&#8220; border_color_all_image=&#8220;#0072bc&#8220; child_filter_saturate__hover_enabled=&#8220;on|hover&#8220; transform_styles__hover_enabled=&#8220;on|hover&#8220; transform_scale__hover_enabled=&#8220;on|desktop&#8220; transform_translate__hover=&#8220;0px|-20px&#8220; transform_translate__hover_enabled=&#8220;on|hover&#8220; transform_rotate__hover_enabled=&#8220;on|desktop&#8220; transform_skew__hover_enabled=&#8220;on|desktop&#8220; transform_origin__hover_enabled=&#8220;on|desktop&#8220;]Verkauf[\/et_pb_blurb][\/et_pb_column][et_pb_column type=&#8220;1_5&#8243; _builder_version=&#8220;4.0.3&#8243;][et_pb_blurb title=&#8220;Anja Opgen-Rhein&#8220; image=&#8220;https:\/\/www.wanders.de\/wp-content\/uploads\/Anja.jpg&#8220; content_max_width=&#8220;500px&#8220; _builder_version=&#8220;4.0.3&#8243; header_font=&#8220;|600|||||||&#8220; header_text_align=&#8220;center&#8220; header_text_color=&#8220;#000000&#8243; header_font_size=&#8220;25px&#8220; header_letter_spacing=&#8220;1px&#8220; body_font=&#8220;|600|||||||&#8220; body_text_align=&#8220;center&#8220; body_text_color=&#8220;#0072bc&#8220; body_font_size=&#8220;15px&#8220; transform_translate_linked=&#8220;off&#8220; module_alignment=&#8220;center&#8220; custom_padding=&#8220;25px|25px|25px|25px|true|true&#8220; animation_direction=&#8220;bottom&#8220; dss_open_in_lightbox=&#8220;on&#8220; border_radii_image=&#8220;on|5px|5px|5px|5px&#8220; border_width_all_image=&#8220;2px&#8220; border_color_all_image=&#8220;#0072bc&#8220; child_filter_saturate__hover_enabled=&#8220;on|hover&#8220; transform_styles__hover_enabled=&#8220;on|hover&#8220; transform_scale__hover_enabled=&#8220;on|desktop&#8220; transform_translate__hover=&#8220;0px|-20px&#8220; transform_translate__hover_enabled=&#8220;on|hover&#8220; transform_rotate__hover_enabled=&#8220;on|desktop&#8220; transform_skew__hover_enabled=&#8220;on|desktop&#8220; transform_origin__hover_enabled=&#8220;on|desktop&#8220;]Fakturierung \/ Buchhaltung[\/et_pb_blurb][\/et_pb_column][\/et_pb_row][et_pb_row use_custom_gutter=&#8220;on&#8220; gutter_width=&#8220;1&#8243; _builder_version=&#8220;4.0.3&#8243; width=&#8220;75%&#8220; width_tablet=&#8220;90%&#8220; width_phone=&#8220;95%&#8220; width_last_edited=&#8220;on|desktop&#8220; max_width=&#8220;199%&#8220; custom_padding=&#8220;100px||0px||false|false&#8220;][et_pb_column type=&#8220;4_4&#8243; _builder_version=&#8220;4.0.3&#8243;][et_pb_text _builder_version=&#8220;4.0.3&#8243; text_text_color=&#8220;#000000&#8243; header_font=&#8220;|700||on|||||&#8220; header_text_align=&#8220;center&#8220; header_text_color=&#8220;#ffcb08&#8243; header_2_font=&#8220;|700||on|||||&#8220; header_2_text_align=&#8220;center&#8220; header_2_text_color=&#8220;#ffcb08&#8243; header_3_font=&#8220;|600|||||||&#8220; header_3_text_color=&#8220;#000000&#8243; header_3_letter_spacing=&#8220;1px&#8220; animation_style=&#8220;slide&#8220; animation_direction=&#8220;top&#8220; animation_intensity_slide=&#8220;1%&#8220; header_text_shadow_style=&#8220;preset5&#8243; header_text_shadow_horizontal_length=&#8220;0.06em&#8220; header_text_shadow_vertical_length=&#8220;0.06em&#8220; header_text_shadow_color=&#8220;#0072bc&#8220; header_2_text_shadow_style=&#8220;preset5&#8243; header_2_text_shadow_horizontal_length=&#8220;0.06em&#8220; header_2_text_shadow_vertical_length=&#8220;0.06em&#8220; header_2_text_shadow_color=&#8220;#0072bc&#8220;]<\/p>\n<h2>Einblick in unsere Firma<br \/>\n<\/h2>\n<p>[\/et_pb_text][\/et_pb_column][\/et_pb_row][et_pb_row use_custom_gutter=&#8220;on&#8220; gutter_width=&#8220;1&#8243; make_equal=&#8220;on&#8220; _builder_version=&#8220;4.0.3&#8243; background_color=&#8220;#0072bc&#8220; width=&#8220;75%&#8220; width_tablet=&#8220;90%&#8220; width_phone=&#8220;95%&#8220; width_last_edited=&#8220;on|desktop&#8220; max_width=&#8220;199%&#8220; custom_margin=&#8220;20px||||false|false&#8220; custom_padding=&#8220;0px||0px||false|false&#8220; border_width_all=&#8220;5px&#8220; border_color_all=&#8220;#ffcb08&#8243;][et_pb_column type=&#8220;4_4&#8243; _builder_version=&#8220;4.0.3&#8243;][et_pb_gallery gallery_ids=&#8220;627,629,633&#8243; posts_number=&#8220;3&#8243; db_images_per_row=&#8220;3&#8243; show_title_and_caption=&#8220;off&#8220; show_pagination=&#8220;off&#8220; zoom_icon_color=&#8220;#ffcb08&#8243; hover_overlay_color=&#8220;rgba(0,114,188,0.27)&#8220; hover_icon=&#8220;%%51%%&#8220; _builder_version=&#8220;4.0.7&#8243; animation_style=&#8220;fade&#8220;][\/et_pb_gallery][et_pb_gallery gallery_ids=&#8220;632,631,630,628&#8243; db_images_per_row=&#8220;4&#8243; show_title_and_caption=&#8220;off&#8220; show_pagination=&#8220;off&#8220; zoom_icon_color=&#8220;#ffcb08&#8243; hover_overlay_color=&#8220;rgba(0,114,188,0.27)&#8220; hover_icon=&#8220;%%51%%&#8220; _builder_version=&#8220;4.0.3&#8243; animation_style=&#8220;fade&#8220; animation_direction=&#8220;right&#8220;][\/et_pb_gallery][\/et_pb_column][\/et_pb_row][\/et_pb_section]<\/p>\n","protected":false},"excerpt":{"rendered":"<p>Geschichte des UnternehmensFamilienunternehmen Wanders Der Name Wanders steht f\u00fcr eines der \u00e4ltesten Familienunternehmen der Kunststofffensterindustrie. Das Unternehmen wurde 1926 von Johan Wanders als Schreinerei im Dorf Rindern bei Kleve gegr\u00fcndet. Nach dem Krieg wurde das Unternehmen an die beiden \u00e4ltesten S\u00f6hne Paul und Georg Wanders \u00fcbergeben. Paul und Georg haben in den 1960er Jahren den [&hellip;]<\/p>\n","protected":false},"author":10,"featured_media":0,"parent":0,"menu_order":20,"comment_status":"closed","ping_status":"closed","template":"","meta":{"_et_pb_use_builder":"on","_et_pb_old_content":"","_et_gb_content_width":"","footnotes":""},"class_list":["post-1984","page","type-page","status-publish","hentry"],"_links":{"self":[{"href":"https:\/\/www.wanders.de\/de\/wp-json\/wp\/v2\/pages\/1984","targetHints":{"allow":["GET"]}}],"collection":[{"href":"https:\/\/www.wanders.de\/de\/wp-json\/wp\/v2\/pages"}],"about":[{"href":"https:\/\/www.wanders.de\/de\/wp-json\/wp\/v2\/types\/page"}],"author":[{"embeddable":true,"href":"https:\/\/www.wanders.de\/de\/wp-json\/wp\/v2\/users\/10"}],"replies":[{"embeddable":true,"href":"https:\/\/www.wanders.de\/de\/wp-json\/wp\/v2\/comments?post=1984"}],"version-history":[{"count":2,"href":"https:\/\/www.wanders.de\/de\/wp-json\/wp\/v2\/pages\/1984\/revisions"}],"predecessor-version":[{"id":2185,"href":"https:\/\/www.wanders.de\/de\/wp-json\/wp\/v2\/pages\/1984\/revisions\/2185"}],"wp:attachment":[{"href":"https:\/\/www.wanders.de\/de\/wp-json\/wp\/v2\/media?parent=1984"}],"curies":[{"name":"wp","href":"https:\/\/api.w.org\/{rel}","templated":true}]}}