{"id":2183,"date":"2019-12-18T00:00:56","date_gmt":"2019-12-17T23:00:56","guid":{"rendered":"https:\/\/www.wanders.de\/produkte\/"},"modified":"2020-02-18T14:30:13","modified_gmt":"2020-02-18T13:30:13","slug":"produkte","status":"publish","type":"page","link":"https:\/\/www.wanders.de\/de\/produkte\/","title":{"rendered":"Produkte"},"content":{"rendered":"<p>[et_pb_section fb_built=&#8220;1&#8243; module_id=&#8220;menu_spacing&#8220; _builder_version=&#8220;4.0.3&#8243; background_enable_color=&#8220;off&#8220; custom_padding=&#8220;||||false|false&#8220;][et_pb_row column_structure=&#8220;1_2,1_2&#8243; _builder_version=&#8220;4.0.3&#8243; width=&#8220;50%&#8220; width_tablet=&#8220;100%&#8220; width_phone=&#8220;&#8220; width_last_edited=&#8220;on|tablet&#8220; max_width=&#8220;100%&#8220;][et_pb_column type=&#8220;1_2&#8243; _builder_version=&#8220;4.0.3&#8243;][et_pb_text _builder_version=&#8220;4.0.3&#8243; header_2_font=&#8220;ABeeZee|600|||||||&#8220; header_2_text_color=&#8220;#ffcb08&#8243; header_2_font_size=&#8220;40px&#8220; background_color=&#8220;#000000&#8243; background_image=&#8220;https:\/\/www.wanders.de\/wp-content\/uploads\/Fenster.jpg&#8220; background_position=&#8220;top_center&#8220; text_orientation=&#8220;center&#8220; width=&#8220;100%&#8220; height=&#8220;200px&#8220; custom_padding=&#8220;4vh||4vh||true|false&#8220; animation_style=&#8220;zoom&#8220; animation_delay=&#8220;200ms&#8220; link_option_url=&#8220;https:\/\/www.wanders.de\/de\/fenster-2\/&#8220; hover_enabled=&#8220;0&#8243; animation_delay_tablet=&#8220;0ms&#8220; animation_delay_phone=&#8220;&#8220; animation_delay_last_edited=&#8220;on|desktop&#8220; header_2_text_shadow_style=&#8220;preset5&#8243; header_2_text_shadow_horizontal_length=&#8220;0.04em&#8220; header_2_text_shadow_vertical_length=&#8220;0.04em&#8220; header_2_text_shadow_color=&#8220;#0072bc&#8220; border_width_all=&#8220;2px&#8220; border_color_all=&#8220;#000644&#8243; transform_styles__hover_enabled=&#8220;on|desktop&#8220; transform_scale__hover_enabled=&#8220;on|desktop&#8220; transform_translate__hover_enabled=&#8220;on|desktop&#8220; transform_rotate__hover_enabled=&#8220;on|desktop&#8220; transform_skew__hover_enabled=&#8220;on|desktop&#8220; transform_origin__hover_enabled=&#8220;on|desktop&#8220; transform_scale__hover=&#8220;105%|105%&#8220; custom_padding__hover_enabled=&#8220;on|desktop&#8220; custom_padding__hover=&#8220;6vh||6vh||true|false&#8220; header_2_font_size__hover_enabled=&#8220;on|desktop&#8220; header_2_font_size__hover=&#8220;50px&#8220; border_radii__hover_enabled=&#8220;off|hover&#8220; border_radii__hover=&#8220;on|20px|20px|20px|20px&#8220; border_width_all__hover_enabled=&#8220;on|desktop&#8220; border_width_all__hover=&#8220;4px&#8220; filter_saturate__hover_enabled=&#8220;on|desktop&#8220; filter_saturate__hover=&#8220;200%&#8220; background__hover_enabled=&#8220;off|hover&#8220; background_color_gradient_end__hover=&#8220;rgba(112,112,112,0.25)&#8220; background_color_gradient_start__hover=&#8220;rgba(0,0,12,0.19)&#8220; null__hover=&#8220;rgba(0,12,1,0.35)&#8220; use_background_color_gradient__hover=&#8220;off&#8220;]<\/p>\n<h2>Fenster<\/h2>\n<p>[\/et_pb_text][\/et_pb_column][et_pb_column type=&#8220;1_2&#8243; _builder_version=&#8220;4.0.3&#8243;][et_pb_text _builder_version=&#8220;4.0.3&#8243; header_2_font=&#8220;ABeeZee|600|||||||&#8220; header_2_text_color=&#8220;#ffcb08&#8243; header_2_font_size=&#8220;40px&#8220; background_color=&#8220;#000000&#8243; background_image=&#8220;https:\/\/www.wanders.de\/wp-content\/uploads\/voordeueren-1.jpg&#8220; text_orientation=&#8220;center&#8220; width=&#8220;100%&#8220; height=&#8220;200px&#8220; custom_padding=&#8220;4vh||4vh||true|false&#8220; animation_style=&#8220;zoom&#8220; animation_delay=&#8220;400ms&#8220; link_option_url=&#8220;https:\/\/www.wanders.de\/de\/haustueren-3\/&#8220; animation_delay_tablet=&#8220;0ms&#8220; animation_delay_phone=&#8220;&#8220; animation_delay_last_edited=&#8220;on|tablet&#8220; header_2_text_shadow_style=&#8220;preset5&#8243; header_2_text_shadow_horizontal_length=&#8220;0.04em&#8220; header_2_text_shadow_vertical_length=&#8220;0.04em&#8220; header_2_text_shadow_color=&#8220;#0072bc&#8220; border_width_all=&#8220;2px&#8220; border_color_all=&#8220;#000644&#8243; header_2_font_size__hover=&#8220;50px&#8220; header_2_font_size__hover_enabled=&#8220;on|desktop&#8220; custom_padding__hover=&#8220;6vh||6vh||true|false&#8220; custom_padding__hover_enabled=&#8220;on|desktop&#8220; border_width_all__hover=&#8220;4px&#8220; border_width_all__hover_enabled=&#8220;on|desktop&#8220; border_radii__hover=&#8220;on|20px|20px|20px|20px&#8220; border_radii__hover_enabled=&#8220;off|hover&#8220; filter_saturate__hover=&#8220;200%&#8220; filter_saturate__hover_enabled=&#8220;on|hover&#8220; transform_styles__hover_enabled=&#8220;on|desktop&#8220; transform_scale__hover=&#8220;105%|105%&#8220; transform_scale__hover_enabled=&#8220;on|desktop&#8220; transform_translate__hover_enabled=&#8220;on|desktop&#8220; transform_rotate__hover_enabled=&#8220;on|desktop&#8220; transform_skew__hover_enabled=&#8220;on|desktop&#8220; transform_origin__hover_enabled=&#8220;on|desktop&#8220; background_color_gradient_start__hover=&#8220;rgba(0,0,12,0.19)&#8220; background_color_gradient_end__hover=&#8220;rgba(112,112,112,0.25)&#8220; background__hover_enabled=&#8220;off|hover&#8220;]<\/p>\n<h2>Haust\u00fcren<\/h2>\n<p>[\/et_pb_text][\/et_pb_column][\/et_pb_row][et_pb_row column_structure=&#8220;1_2,1_2&#8243; _builder_version=&#8220;4.3.2&#8243; width_tablet=&#8220;100%&#8220; width_phone=&#8220;&#8220; width_last_edited=&#8220;on|desktop&#8220; max_width=&#8220;100%&#8220; hover_enabled=&#8220;0&#8243; width=&#8220;50%&#8220;][et_pb_column type=&#8220;1_2&#8243; _builder_version=&#8220;4.0.3&#8243; hover_enabled=&#8220;0&#8243;][et_pb_text _builder_version=&#8220;4.3.2&#8243; header_2_font=&#8220;ABeeZee|600|||||||&#8220; header_2_text_color=&#8220;#ffcb08&#8243; header_2_font_size=&#8220;40px&#8220; background_image=&#8220;https:\/\/www.wanders.de\/wp-content\/uploads\/Schiebet\u00fcren.jpg&#8220; text_orientation=&#8220;center&#8220; width=&#8220;100%&#8220; height=&#8220;200px&#8220; custom_padding=&#8220;4vh||4vh||true|false&#8220; animation_style=&#8220;zoom&#8220; animation_delay=&#8220;1000ms&#8220; link_option_url=&#8220;https:\/\/www.wanders.de\/de\/schiebetueren-3\/&#8220; hover_enabled=&#8220;0&#8243; animation_delay_tablet=&#8220;0ms&#8220; animation_delay_phone=&#8220;&#8220; animation_delay_last_edited=&#8220;on|desktop&#8220; header_2_text_shadow_style=&#8220;preset5&#8243; header_2_text_shadow_horizontal_length=&#8220;0.04em&#8220; header_2_text_shadow_vertical_length=&#8220;0.04em&#8220; header_2_text_shadow_color=&#8220;#0072bc&#8220; border_width_all=&#8220;2px&#8220; border_color_all=&#8220;#000644&#8243; header_2_font_size__hover=&#8220;50px&#8220; header_2_font_size__hover_enabled=&#8220;on|desktop&#8220; custom_padding__hover=&#8220;6vh||6vh||true|false&#8220; custom_padding__hover_enabled=&#8220;on|desktop&#8220; border_width_all__hover=&#8220;4px&#8220; border_width_all__hover_enabled=&#8220;on|desktop&#8220; border_radii__hover=&#8220;on|20px|20px|20px|20px&#8220; border_radii__hover_enabled=&#8220;off|hover&#8220; filter_saturate__hover=&#8220;200%&#8220; filter_saturate__hover_enabled=&#8220;on|hover&#8220; transform_styles__hover_enabled=&#8220;on|desktop&#8220; transform_scale__hover=&#8220;105%|105%&#8220; transform_scale__hover_enabled=&#8220;on|desktop&#8220; transform_translate__hover_enabled=&#8220;on|desktop&#8220; transform_rotate__hover_enabled=&#8220;on|desktop&#8220; transform_skew__hover_enabled=&#8220;on|desktop&#8220; transform_origin__hover_enabled=&#8220;on|desktop&#8220; background__hover_enabled=&#8220;off|hover&#8220; background_color_gradient_start__hover=&#8220;rgba(0,0,12,0.19)&#8220; background_color_gradient_end__hover=&#8220;rgba(112,112,112,0.25)&#8220; custom_margin=&#8220;|0px|||false|false&#8220;]<\/p>\n<h2>Schiebet\u00fcren<\/h2>\n<p>[\/et_pb_text][\/et_pb_column][et_pb_column type=&#8220;1_2&#8243; _builder_version=&#8220;4.0.3&#8243;][et_pb_text _builder_version=&#8220;4.3.2&#8243; header_2_font=&#8220;ABeeZee|600|||||||&#8220; header_2_text_color=&#8220;#ffcb08&#8243; header_2_font_size=&#8220;40px&#8220; background_image=&#8220;https:\/\/www.wanders.de\/wp-content\/uploads\/T\u00fcren.jpg&#8220; text_orientation=&#8220;center&#8220; width=&#8220;100%&#8220; height=&#8220;200px&#8220; custom_padding=&#8220;4vh||4vh||true|false&#8220; animation_style=&#8220;zoom&#8220; animation_delay=&#8220;800ms&#8220; link_option_url=&#8220;https:\/\/www.wanders.de\/de\/tueren-3\/&#8220; hover_enabled=&#8220;0&#8243; animation_delay_tablet=&#8220;0ms&#8220; animation_delay_phone=&#8220;&#8220; animation_delay_last_edited=&#8220;on|desktop&#8220; header_2_text_shadow_style=&#8220;preset5&#8243; header_2_text_shadow_horizontal_length=&#8220;0.04em&#8220; header_2_text_shadow_vertical_length=&#8220;0.04em&#8220; header_2_text_shadow_color=&#8220;#0072bc&#8220; border_width_all=&#8220;2px&#8220; border_color_all=&#8220;#000644&#8243; header_2_font_size__hover=&#8220;50px&#8220; header_2_font_size__hover_enabled=&#8220;on|desktop&#8220; custom_padding__hover=&#8220;6vh||6vh||true|false&#8220; custom_padding__hover_enabled=&#8220;on|desktop&#8220; border_width_all__hover=&#8220;4px&#8220; border_width_all__hover_enabled=&#8220;on|desktop&#8220; border_radii__hover=&#8220;on|20px|20px|20px|20px&#8220; border_radii__hover_enabled=&#8220;off|hover&#8220; filter_saturate__hover=&#8220;200%&#8220; filter_saturate__hover_enabled=&#8220;on|hover&#8220; transform_styles__hover_enabled=&#8220;on|desktop&#8220; transform_scale__hover=&#8220;105%|105%&#8220; transform_scale__hover_enabled=&#8220;on|desktop&#8220; transform_translate__hover_enabled=&#8220;on|desktop&#8220; transform_rotate__hover_enabled=&#8220;on|desktop&#8220; transform_skew__hover_enabled=&#8220;on|desktop&#8220; transform_origin__hover_enabled=&#8220;on|desktop&#8220; background__hover_enabled=&#8220;off|hover&#8220; background_color_gradient_start__hover=&#8220;rgba(0,0,12,0.19)&#8220; background_color_gradient_end__hover=&#8220;rgba(112,112,112,0.25)&#8220; custom_margin=&#8220;||||false|false&#8220;]<\/p>\n<h2>T\u00fcren<\/h2>\n<p>[\/et_pb_text][\/et_pb_column][\/et_pb_row][et_pb_row column_structure=&#8220;1_2,1_2&#8243; _builder_version=&#8220;4.0.3&#8243; width=&#8220;50%&#8220; width_tablet=&#8220;100%&#8220; width_phone=&#8220;&#8220; width_last_edited=&#8220;on|tablet&#8220; max_width=&#8220;100%&#8220;][et_pb_column type=&#8220;1_2&#8243; _builder_version=&#8220;4.0.3&#8243;][et_pb_text _builder_version=&#8220;4.0.3&#8243; header_2_font=&#8220;ABeeZee|600|||||||&#8220; header_2_text_color=&#8220;#ffcb08&#8243; header_2_font_size=&#8220;40px&#8220; background_image=&#8220;https:\/\/www.wanders.de\/wp-content\/uploads\/Dachgauben.jpg&#8220; background_position=&#8220;top_center&#8220; text_orientation=&#8220;center&#8220; width=&#8220;100%&#8220; height=&#8220;200px&#8220; custom_padding=&#8220;4vh||4vh||true|false&#8220; animation_style=&#8220;zoom&#8220; animation_delay=&#8220;600ms&#8220; link_option_url=&#8220;https:\/\/www.wanders.de\/de\/dachgauben-3\/&#8220; animation_delay_tablet=&#8220;0ms&#8220; animation_delay_phone=&#8220;&#8220; animation_delay_last_edited=&#8220;on|desktop&#8220; header_2_text_shadow_style=&#8220;preset5&#8243; header_2_text_shadow_horizontal_length=&#8220;0.04em&#8220; header_2_text_shadow_vertical_length=&#8220;0.04em&#8220; header_2_text_shadow_color=&#8220;#0072bc&#8220; border_width_all=&#8220;2px&#8220; border_color_all=&#8220;#000644&#8243; header_2_font_size__hover=&#8220;50px&#8220; header_2_font_size__hover_enabled=&#8220;on|desktop&#8220; custom_padding__hover=&#8220;6vh||6vh||true|false&#8220; custom_padding__hover_enabled=&#8220;on|desktop&#8220; border_width_all__hover=&#8220;4px&#8220; border_width_all__hover_enabled=&#8220;on|desktop&#8220; border_radii__hover=&#8220;on|20px|20px|20px|20px&#8220; border_radii__hover_enabled=&#8220;off|hover&#8220; filter_saturate__hover=&#8220;200%&#8220; filter_saturate__hover_enabled=&#8220;on|hover&#8220; transform_styles__hover_enabled=&#8220;on|desktop&#8220; transform_scale__hover=&#8220;105%|105%&#8220; transform_scale__hover_enabled=&#8220;on|desktop&#8220; transform_translate__hover_enabled=&#8220;on|desktop&#8220; transform_rotate__hover_enabled=&#8220;on|desktop&#8220; transform_skew__hover_enabled=&#8220;on|desktop&#8220; transform_origin__hover_enabled=&#8220;on|desktop&#8220; background__hover_enabled=&#8220;off|hover&#8220; background_color_gradient_start__hover=&#8220;rgba(0,0,12,0.19)&#8220; background_color_gradient_end__hover=&#8220;rgba(112,112,112,0.25)&#8220;]<\/p>\n<h2>Dachgauben<\/h2>\n<p>[\/et_pb_text][\/et_pb_column][et_pb_column type=&#8220;1_2&#8243; _builder_version=&#8220;4.0.3&#8243;][et_pb_text _builder_version=&#8220;4.0.3&#8243; header_2_font=&#8220;ABeeZee|600|||||||&#8220; header_2_text_color=&#8220;#ffcb08&#8243; header_2_font_size=&#8220;40px&#8220; background_image=&#8220;https:\/\/www.wanders.de\/wp-content\/uploads\/Projekte.jpg&#8220; text_orientation=&#8220;center&#8220; width=&#8220;100%&#8220; height=&#8220;200px&#8220; custom_padding=&#8220;4vh||4vh||true|false&#8220; animation_style=&#8220;zoom&#8220; animation_delay=&#8220;1200ms&#8220; link_option_url=&#8220;https:\/\/www.wanders.de\/de\/produkte\/projekte\/&#8220; animation_delay_tablet=&#8220;0ms&#8220; animation_delay_phone=&#8220;&#8220; animation_delay_last_edited=&#8220;on|desktop&#8220; header_2_text_shadow_style=&#8220;preset5&#8243; header_2_text_shadow_horizontal_length=&#8220;0.04em&#8220; header_2_text_shadow_vertical_length=&#8220;0.04em&#8220; header_2_text_shadow_color=&#8220;#0072bc&#8220; border_width_all=&#8220;2px&#8220; border_color_all=&#8220;#000644&#8243; header_2_font_size__hover=&#8220;50px&#8220; header_2_font_size__hover_enabled=&#8220;on|desktop&#8220; custom_padding__hover=&#8220;6vh||6vh||true|false&#8220; custom_padding__hover_enabled=&#8220;on|desktop&#8220; border_width_all__hover=&#8220;4px&#8220; border_width_all__hover_enabled=&#8220;on|desktop&#8220; border_radii__hover=&#8220;on|20px|20px|20px|20px&#8220; border_radii__hover_enabled=&#8220;off|hover&#8220; filter_saturate__hover=&#8220;200%&#8220; filter_saturate__hover_enabled=&#8220;on|hover&#8220; transform_styles__hover_enabled=&#8220;on|desktop&#8220; transform_scale__hover=&#8220;105%|105%&#8220; transform_scale__hover_enabled=&#8220;on|desktop&#8220; transform_translate__hover_enabled=&#8220;on|desktop&#8220; transform_rotate__hover_enabled=&#8220;on|desktop&#8220; transform_skew__hover_enabled=&#8220;on|desktop&#8220; transform_origin__hover_enabled=&#8220;on|desktop&#8220; background__hover_enabled=&#8220;off|hover&#8220; background_color_gradient_start__hover=&#8220;rgba(0,0,12,0.19)&#8220; background_color_gradient_end__hover=&#8220;rgba(112,112,112,0.25)&#8220;]<\/p>\n<h2>Projekte<\/h2>\n<p>[\/et_pb_text][\/et_pb_column][\/et_pb_row][\/et_pb_section]<\/p>\n","protected":false},"excerpt":{"rendered":"<p>FensterHaust\u00fcrenSchiebet\u00fcrenT\u00fcrenDachgaubenProjekte<\/p>\n","protected":false},"author":10,"featured_media":0,"parent":0,"menu_order":30,"comment_status":"closed","ping_status":"closed","template":"","meta":{"_et_pb_use_builder":"on","_et_pb_old_content":"","_et_gb_content_width":"","footnotes":""},"class_list":["post-2183","page","type-page","status-publish","hentry"],"_links":{"self":[{"href":"https:\/\/www.wanders.de\/de\/wp-json\/wp\/v2\/pages\/2183","targetHints":{"allow":["GET"]}}],"collection":[{"href":"https:\/\/www.wanders.de\/de\/wp-json\/wp\/v2\/pages"}],"about":[{"href":"https:\/\/www.wanders.de\/de\/wp-json\/wp\/v2\/types\/page"}],"author":[{"embeddable":true,"href":"https:\/\/www.wanders.de\/de\/wp-json\/wp\/v2\/users\/10"}],"replies":[{"embeddable":true,"href":"https:\/\/www.wanders.de\/de\/wp-json\/wp\/v2\/comments?post=2183"}],"version-history":[{"count":6,"href":"https:\/\/www.wanders.de\/de\/wp-json\/wp\/v2\/pages\/2183\/revisions"}],"predecessor-version":[{"id":2676,"href":"https:\/\/www.wanders.de\/de\/wp-json\/wp\/v2\/pages\/2183\/revisions\/2676"}],"wp:attachment":[{"href":"https:\/\/www.wanders.de\/de\/wp-json\/wp\/v2\/media?parent=2183"}],"curies":[{"name":"wp","href":"https:\/\/api.w.org\/{rel}","templated":true}]}}