{"id":2191,"date":"2019-12-18T00:07:25","date_gmt":"2019-12-17T23:07:25","guid":{"rendered":"https:\/\/www.wanders.de\/produkte\/schiebetueren\/"},"modified":"2020-02-18T14:34:29","modified_gmt":"2020-02-18T13:34:29","slug":"schiebetueren","status":"publish","type":"page","link":"https:\/\/www.wanders.de\/de\/produkte\/schiebetueren\/","title":{"rendered":"Schiebet\u00fcren"},"content":{"rendered":"<p>[et_pb_section fb_built=&#8220;1&#8243; module_id=&#8220;menu_spacing&#8220; _builder_version=&#8220;4.3.2&#8243; custom_padding=&#8220;||50px||false|false&#8220; hover_enabled=&#8220;0&#8243; custom_margin=&#8220;||100px||false|false&#8220;][et_pb_row use_custom_gutter=&#8220;on&#8220; gutter_width=&#8220;1&#8243; _builder_version=&#8220;4.0.3&#8243; width=&#8220;75%&#8220; width_tablet=&#8220;90%&#8220; width_phone=&#8220;95%&#8220; width_last_edited=&#8220;on|desktop&#8220; max_width=&#8220;199%&#8220; custom_padding=&#8220;||0px||false|false&#8220;][et_pb_column type=&#8220;4_4&#8243; _builder_version=&#8220;4.0.3&#8243;][et_pb_text _builder_version=&#8220;4.0.3&#8243; text_text_color=&#8220;#000000&#8243; header_font=&#8220;|700||on|||||&#8220; header_text_align=&#8220;center&#8220; header_text_color=&#8220;#ffcb08&#8243; header_font_size=&#8220;50px&#8220; header_2_font=&#8220;|700||on|||||&#8220; header_2_text_align=&#8220;center&#8220; header_2_text_color=&#8220;#ffcb08&#8243; header_3_font=&#8220;|600|||||||&#8220; header_3_text_color=&#8220;#000000&#8243; header_3_letter_spacing=&#8220;1px&#8220; animation_style=&#8220;slide&#8220; animation_direction=&#8220;top&#8220; animation_intensity_slide=&#8220;1%&#8220; header_text_shadow_style=&#8220;preset5&#8243; header_text_shadow_horizontal_length=&#8220;0.06em&#8220; header_text_shadow_vertical_length=&#8220;0.06em&#8220; header_text_shadow_color=&#8220;#0072bc&#8220; header_2_text_shadow_style=&#8220;preset5&#8243; header_2_text_shadow_horizontal_length=&#8220;0.06em&#8220; header_2_text_shadow_vertical_length=&#8220;0.06em&#8220; header_2_text_shadow_color=&#8220;#0072bc&#8220;]<\/p>\n<h1>Schiebet\u00fcren<\/h1>\n<p>[\/et_pb_text][et_pb_text _builder_version=&#8220;4.0.7&#8243; text_orientation=&#8220;center&#8220; max_width=&#8220;80%&#8220; module_alignment=&#8220;center&#8220; custom_margin=&#8220;30px||30px||true|false&#8220; custom_padding=&#8220;||15px||false|false&#8220;]<\/p>\n<p>Wir liefern Hubschiebet\u00fcren mit einer maximalen Breite von 650 cm und einer maximalen H\u00f6he von 280 cm. Je nach Gr\u00f6\u00dfe haben Sie die Wahl zwischen 2-teiligen, 3-teiligen und 4-teiligen Schiebet\u00fcren.<\/p>\n<p>[\/et_pb_text][\/et_pb_column][\/et_pb_row][et_pb_row use_custom_gutter=&#8220;on&#8220; gutter_width=&#8220;1&#8243; make_equal=&#8220;on&#8220; _builder_version=&#8220;4.3.2&#8243; width=&#8220;75%&#8220; width_tablet=&#8220;90%&#8220; width_phone=&#8220;95%&#8220; width_last_edited=&#8220;on|phone&#8220; max_width=&#8220;100%&#8220; custom_padding=&#8220;0px||0px||true|false&#8220; hover_enabled=&#8220;0&#8243; border_width_top=&#8220;10px&#8220; border_color_top=&#8220;#ffcb08&#8243; border_width_right=&#8220;10px&#8220; border_color_right=&#8220;#ffcb08&#8243; border_width_left=&#8220;10px&#8220; border_color_left=&#8220;#ffcb08&#8243; border_width_right_tablet=&#8220;0px&#8220; border_width_right_phone=&#8220;&#8220; border_width_right_last_edited=&#8220;on|tablet&#8220; border_width_left_tablet=&#8220;0px&#8220; border_width_left_phone=&#8220;&#8220; border_width_left_last_edited=&#8220;on|desktop&#8220; border_width_bottom=&#8220;10px&#8220; border_color_bottom=&#8220;#ffcb08&#8243;][et_pb_column type=&#8220;4_4&#8243; _builder_version=&#8220;4.0.3&#8243;][et_pb_gallery gallery_ids=&#8220;737,738,739,740,741,742,743,744,745,746,747,748,749,750,751&#8243; posts_number=&#8220;15&#8243; db_images_per_row=&#8220;4&#8243; db_images_per_row_tablet=&#8220;3&#8243; db_images_per_row_phone=&#8220;2&#8243; show_title_and_caption=&#8220;off&#8220; show_pagination=&#8220;off&#8220; zoom_icon_color=&#8220;#ffcb08&#8243; hover_overlay_color=&#8220;rgba(0,114,188,0.27)&#8220; hover_icon=&#8220;%%51%%&#8220; _builder_version=&#8220;4.0.7&#8243; border_width_all_image=&#8220;1px&#8220; border_color_all_image=&#8220;#0072bc&#8220; db_images_per_row_last_edited=&#8220;on|phone&#8220;][\/et_pb_gallery][\/et_pb_column][\/et_pb_row][\/et_pb_section]<\/p>\n","protected":false},"excerpt":{"rendered":"<p>Schiebet\u00fcrenWir liefern Hubschiebet\u00fcren mit einer maximalen Breite von 650 cm und einer maximalen H\u00f6he von 280 cm. Je nach Gr\u00f6\u00dfe haben Sie die Wahl zwischen 2-teiligen, 3-teiligen und 4-teiligen Schiebet\u00fcren.<\/p>\n","protected":false},"author":10,"featured_media":0,"parent":2183,"menu_order":20,"comment_status":"closed","ping_status":"closed","template":"","meta":{"_et_pb_use_builder":"on","_et_pb_old_content":"","_et_gb_content_width":"","footnotes":""},"class_list":["post-2191","page","type-page","status-publish","hentry"],"_links":{"self":[{"href":"https:\/\/www.wanders.de\/de\/wp-json\/wp\/v2\/pages\/2191","targetHints":{"allow":["GET"]}}],"collection":[{"href":"https:\/\/www.wanders.de\/de\/wp-json\/wp\/v2\/pages"}],"about":[{"href":"https:\/\/www.wanders.de\/de\/wp-json\/wp\/v2\/types\/page"}],"author":[{"embeddable":true,"href":"https:\/\/www.wanders.de\/de\/wp-json\/wp\/v2\/users\/10"}],"replies":[{"embeddable":true,"href":"https:\/\/www.wanders.de\/de\/wp-json\/wp\/v2\/comments?post=2191"}],"version-history":[{"count":5,"href":"https:\/\/www.wanders.de\/de\/wp-json\/wp\/v2\/pages\/2191\/revisions"}],"predecessor-version":[{"id":2679,"href":"https:\/\/www.wanders.de\/de\/wp-json\/wp\/v2\/pages\/2191\/revisions\/2679"}],"up":[{"embeddable":true,"href":"https:\/\/www.wanders.de\/de\/wp-json\/wp\/v2\/pages\/2183"}],"wp:attachment":[{"href":"https:\/\/www.wanders.de\/de\/wp-json\/wp\/v2\/media?parent=2191"}],"curies":[{"name":"wp","href":"https:\/\/api.w.org\/{rel}","templated":true}]}}