{"id":2207,"date":"2019-12-18T00:30:23","date_gmt":"2019-12-17T23:30:23","guid":{"rendered":"https:\/\/www.wanders.de\/hintergrund\/"},"modified":"2020-02-18T14:38:55","modified_gmt":"2020-02-18T13:38:55","slug":"hintergrundinformationen","status":"publish","type":"page","link":"https:\/\/www.wanders.de\/de\/hintergrundinformationen\/","title":{"rendered":"Hintergrund"},"content":{"rendered":"<p>[et_pb_section fb_built=&#8220;1&#8243; module_id=&#8220;menu_spacing&#8220; _builder_version=&#8220;4.0.3&#8243; custom_padding=&#8220;||||false|false&#8220; top_divider_style=&#8220;slant2&#8243; top_divider_color=&#8220;rgba(0,114,188,0.05)&#8220; top_divider_height=&#8220;100%&#8220; top_divider_flip=&#8220;horizontal&#8220; bottom_divider_style=&#8220;slant2&#8243; bottom_divider_color=&#8220;rgba(255,203,8,0.05)&#8220; bottom_divider_height=&#8220;100%&#8220; bottom_divider_flip=&#8220;horizontal&#8220;][et_pb_row use_custom_gutter=&#8220;on&#8220; gutter_width=&#8220;1&#8243; make_equal=&#8220;on&#8220; _builder_version=&#8220;4.0.3&#8243; width=&#8220;75%&#8220; width_tablet=&#8220;90%&#8220; width_phone=&#8220;95%&#8220; width_last_edited=&#8220;on|desktop&#8220; max_width=&#8220;100%&#8220;][et_pb_column type=&#8220;4_4&#8243; _builder_version=&#8220;4.0.3&#8243;][et_pb_text _builder_version=&#8220;4.0.3&#8243; text_text_color=&#8220;#000000&#8243; header_font=&#8220;|700||on|||||&#8220; header_text_align=&#8220;center&#8220; header_text_color=&#8220;#ffcb08&#8243; header_2_font=&#8220;|700||on|||||&#8220; header_2_text_align=&#8220;center&#8220; header_2_text_color=&#8220;#ffcb08&#8243; header_3_font=&#8220;|600|||||||&#8220; header_3_text_color=&#8220;#000000&#8243; header_3_letter_spacing=&#8220;1px&#8220; animation_style=&#8220;slide&#8220; animation_direction=&#8220;top&#8220; animation_intensity_slide=&#8220;1%&#8220; header_text_shadow_style=&#8220;preset5&#8243; header_text_shadow_horizontal_length=&#8220;0.06em&#8220; header_text_shadow_vertical_length=&#8220;0.06em&#8220; header_text_shadow_color=&#8220;#0072bc&#8220; header_2_text_shadow_style=&#8220;preset5&#8243; header_2_text_shadow_horizontal_length=&#8220;0.06em&#8220; header_2_text_shadow_vertical_length=&#8220;0.06em&#8220; header_2_text_shadow_color=&#8220;#0072bc&#8220;]<\/p>\n<h1>Hintergrund<\/h1>\n<p>[\/et_pb_text][\/et_pb_column][\/et_pb_row][et_pb_row column_structure=&#8220;1_2,1_2&#8243; use_custom_gutter=&#8220;on&#8220; make_equal=&#8220;on&#8220; _builder_version=&#8220;4.0.3&#8243; animation_style=&#8220;slide&#8220; animation_direction=&#8220;top&#8220; animation_intensity_slide=&#8220;1%&#8220;][et_pb_column type=&#8220;1_2&#8243; _builder_version=&#8220;4.0.3&#8243;][et_pb_text _builder_version=&#8220;4.0.3&#8243; text_font=&#8220;Poppins||||||||&#8220; text_text_color=&#8220;#000000&#8243; header_font=&#8220;|700||on|||||&#8220; header_text_align=&#8220;center&#8220; header_text_color=&#8220;#ffcb08&#8243; header_2_font=&#8220;|600||on|||||&#8220; header_2_text_align=&#8220;center&#8220; header_2_text_color=&#8220;#ffcb08&#8243; header_2_font_size=&#8220;40px&#8220; header_3_font=&#8220;|600|||||||&#8220; header_3_text_color=&#8220;#000000&#8243; header_3_letter_spacing=&#8220;1px&#8220; animation_style=&#8220;slide&#8220; animation_direction=&#8220;top&#8220; animation_intensity_slide=&#8220;1%&#8220; header_text_shadow_style=&#8220;preset5&#8243; header_text_shadow_horizontal_length=&#8220;0.06em&#8220; header_text_shadow_vertical_length=&#8220;0.06em&#8220; header_text_shadow_color=&#8220;#0072bc&#8220; header_2_text_shadow_style=&#8220;preset5&#8243; header_2_text_shadow_horizontal_length=&#8220;0.06em&#8220; header_2_text_shadow_vertical_length=&#8220;0.06em&#8220; header_2_text_shadow_color=&#8220;#0072bc&#8220;]<\/p>\n<h2>Drehkippfenster<br \/>mit gesicherter Kipp\u00f6ffnung<\/h2>\n<p>Einbruchfest bel\u00fcftet!<\/p>\n<p>Im Vergleich zu herk\u00f6mmlichen Dreh-Kippfenstern hat der activPilot PADK (Parallel-Abstell-Dreh-Kipp-Beschlag) neben den \u00d6ffnungsm\u00f6glichkeiten und dem &#8222;Kippen&#8220; neben einer weiteren \u00d6ffnungsdimension eine weitere \u00d6ffnungsdimension: &#8222;Parallel einstellen&#8220;. Der Fensterfl\u00fcgel wird parallel zum Fensterrahmen eingestellt.<br \/> Dadurch entsteht ein ca. 6 mm breiter Luftspalt, der eine nat\u00fcrliche und sichere Bel\u00fcftung bei allen Wetterbedingungen gew\u00e4hrleistet.<\/p>\n<p>Weitere Informationen finden Sie auf der Website Winkhaus<\/p>\n<p>[\/et_pb_text][\/et_pb_column][et_pb_column type=&#8220;1_2&#8243; _builder_version=&#8220;4.0.3&#8243;][et_pb_text _builder_version=&#8220;4.0.3&#8243; text_font=&#8220;Poppins||||||||&#8220; text_text_color=&#8220;#000000&#8243; header_font=&#8220;|700||on|||||&#8220; header_text_align=&#8220;center&#8220; header_text_color=&#8220;#ffcb08&#8243; header_2_font=&#8220;|600||on|||||&#8220; header_2_text_align=&#8220;center&#8220; header_2_text_color=&#8220;#ffcb08&#8243; header_2_font_size=&#8220;40px&#8220; header_3_font=&#8220;|600|||||||&#8220; header_3_text_color=&#8220;#000000&#8243; header_3_letter_spacing=&#8220;1px&#8220; animation_style=&#8220;slide&#8220; animation_direction=&#8220;top&#8220; animation_intensity_slide=&#8220;1%&#8220; header_text_shadow_style=&#8220;preset5&#8243; header_text_shadow_horizontal_length=&#8220;0.06em&#8220; header_text_shadow_vertical_length=&#8220;0.06em&#8220; header_text_shadow_color=&#8220;#0072bc&#8220; header_2_text_shadow_style=&#8220;preset5&#8243; header_2_text_shadow_horizontal_length=&#8220;0.06em&#8220; header_2_text_shadow_vertical_length=&#8220;0.06em&#8220; header_2_text_shadow_color=&#8220;#0072bc&#8220;]<\/p>\n<h2>Dreh-Kipp-Beschlag<br \/> activPilot Konzept<\/h2>\n<p>Die Fensterbefestigung, die Akzente setzt!<\/p>\n<p>Das activPilot Concept Montagekonzept f\u00fcr Drehschieberfenster ist eine gelungene Kombination aus Funktionalit\u00e4t, ausgekl\u00fcgelter und bew\u00e4hrter Sicherheitstechnik und Bedienkomfort in der Praxis. Es ist f\u00fcr alle Profilsysteme geeignet, bietet ein hohes Ma\u00df an Flexibilit\u00e4t und erf\u00fcllt hohe optische Anforderungen durch das sch\u00f6ne Design der sichtbaren Scharnierseite.<\/p>\n<p>Weitere Informationen finden Sie auf der <a href=\"https:\/\/www.winkhaus.com\/nl-nl\/raamtechniek\/draai-kiep-beslag\/activpilot\/activpilot-concept\">Website Winkhaus<\/a><\/p>\n<p>[\/et_pb_text][\/et_pb_column][\/et_pb_row][et_pb_row column_structure=&#8220;1_2,1_2&#8243; use_custom_gutter=&#8220;on&#8220; make_equal=&#8220;on&#8220; _builder_version=&#8220;4.0.3&#8243; width=&#8220;75%&#8220; width_tablet=&#8220;90%&#8220; width_phone=&#8220;95%&#8220; width_last_edited=&#8220;on|desktop&#8220; max_width=&#8220;100%&#8220; custom_padding=&#8220;||4vh||false|false&#8220;][et_pb_column type=&#8220;1_2&#8243; _builder_version=&#8220;4.0.3&#8243;][et_pb_text _builder_version=&#8220;4.0.3&#8243; text_font=&#8220;Poppins||||||||&#8220; text_text_color=&#8220;#000000&#8243; header_font=&#8220;|700||on|||||&#8220; header_text_align=&#8220;center&#8220; header_text_color=&#8220;#ffcb08&#8243; header_2_font=&#8220;|600||on|||||&#8220; header_2_text_align=&#8220;center&#8220; header_2_text_color=&#8220;#ffcb08&#8243; header_2_font_size=&#8220;40px&#8220; header_3_font=&#8220;|600|||||||&#8220; header_3_text_color=&#8220;#000000&#8243; header_3_letter_spacing=&#8220;1px&#8220; animation_style=&#8220;slide&#8220; animation_direction=&#8220;top&#8220; animation_intensity_slide=&#8220;1%&#8220; header_text_shadow_style=&#8220;preset5&#8243; header_text_shadow_horizontal_length=&#8220;0.06em&#8220; header_text_shadow_vertical_length=&#8220;0.06em&#8220; header_text_shadow_color=&#8220;#0072bc&#8220; header_2_text_shadow_style=&#8220;preset5&#8243; header_2_text_shadow_horizontal_length=&#8220;0.06em&#8220; header_2_text_shadow_vertical_length=&#8220;0.06em&#8220; header_2_text_shadow_color=&#8220;#0072bc&#8220;]<\/p>\n<h2>Struktur der Holzmaserung<br \/> in verschiedenen Farben<\/h2>\n<p>Ein pers\u00f6nlicher Stil f\u00fcr Fenster und T\u00fcren!<\/p>\n<p>Farbpanzerfolie erm\u00f6glicht es Ihnen, Fenstern und T\u00fcren einen Farbakzent zu verleihen \u2013 sowohl drinnen als auch drau\u00dfen.<\/p>\n<p>Sie k\u00f6nnen aus ca. 40 Varianten mit Schlicht- und Holzmotiv w\u00e4hlen. Diese k\u00f6nnen auf eine oder beide Seiten angewendet werden, je nach Ihren pers\u00f6nlichen Vorlieben.<\/p>\n<p>Unsere Farbpanzerfolie garantiert h\u00f6chste Qualit\u00e4t<\/p>\n<ul>\n<li>Wetterbest\u00e4ndigkeit<\/li>\n<li>Umwelteinflussbest\u00e4ndig<\/li>\n<li>Wartungsfreundlichkeit<\/li>\n<li>Hoher Lichtwiderstand<\/li>\n<\/ul>\n<p>Eine \u00dcbersicht \u00fcber die verf\u00fcgbaren Farben finden Sie auf der Website REHAU<\/p>\n<p>[\/et_pb_text][\/et_pb_column][et_pb_column type=&#8220;1_2&#8243; _builder_version=&#8220;4.0.3&#8243;][et_pb_text _builder_version=&#8220;4.0.3&#8243; text_font=&#8220;Poppins||||||||&#8220; text_text_color=&#8220;#000000&#8243; header_font=&#8220;|700||on|||||&#8220; header_text_align=&#8220;center&#8220; header_text_color=&#8220;#ffcb08&#8243; header_2_font=&#8220;|600||on|||||&#8220; header_2_text_align=&#8220;center&#8220; header_2_text_color=&#8220;#ffcb08&#8243; header_2_font_size=&#8220;40px&#8220; header_3_font=&#8220;|600|||||||&#8220; header_3_text_color=&#8220;#000000&#8243; header_3_letter_spacing=&#8220;1px&#8220; animation_style=&#8220;slide&#8220; animation_direction=&#8220;top&#8220; animation_intensity_slide=&#8220;1%&#8220; header_text_shadow_style=&#8220;preset5&#8243; header_text_shadow_horizontal_length=&#8220;0.06em&#8220; header_text_shadow_vertical_length=&#8220;0.06em&#8220; header_text_shadow_color=&#8220;#0072bc&#8220; header_2_text_shadow_style=&#8220;preset5&#8243; header_2_text_shadow_horizontal_length=&#8220;0.06em&#8220; header_2_text_shadow_vertical_length=&#8220;0.06em&#8220; header_2_text_shadow_color=&#8220;#0072bc&#8220;]<\/p>\n<h2>instandhaltung<\/h2>\n<p>Alles, was Sie wagen, sich Ihrem Auto zu n\u00e4hern, ist auch gut f\u00fcr Fensterrahmen. Also keine abrasiven und kratzigen Mittel und Reinigungsmittel mit L\u00f6sungsmittel. Es gibt Reinigungsmittel f\u00fcr z.B. Kunststoff-Gartenst\u00fchle zum Verkauf. Das Eineinsetzen des Wachses ist erlaubt und reduziert die Haftung von Schmutz, genau wie ein Auto.<\/p>\n<p>Dar\u00fcber hinaus sind Sie ratsam, die H\u00e4nge- und Schlie\u00dfarbeiten mit einem Tropfen \u00d6l 1 x pro Jahr zu versorgen und die Dichtungen (Gummis) mit einem Silikonstift zu fetten.[\/et_pb_text][\/et_pb_column][\/et_pb_row][et_pb_row use_custom_gutter=&#8220;on&#8220; make_equal=&#8220;on&#8220; _builder_version=&#8220;4.0.3&#8243; width=&#8220;75%&#8220; width_tablet=&#8220;90%&#8220; width_phone=&#8220;95%&#8220; width_last_edited=&#8220;on|desktop&#8220; max_width=&#8220;100%&#8220;][et_pb_column type=&#8220;4_4&#8243; _builder_version=&#8220;4.0.3&#8243;][et_pb_text _builder_version=&#8220;4.0.3&#8243; text_font=&#8220;Poppins||||||||&#8220; text_text_color=&#8220;#000000&#8243; header_font=&#8220;|700||on|||||&#8220; header_text_align=&#8220;center&#8220; header_text_color=&#8220;#ffcb08&#8243; header_2_font=&#8220;|600||on|||||&#8220; header_2_text_align=&#8220;center&#8220; header_2_text_color=&#8220;#ffcb08&#8243; header_2_font_size=&#8220;40px&#8220; header_3_font=&#8220;|600|||||||&#8220; header_3_text_color=&#8220;#000000&#8243; header_3_letter_spacing=&#8220;1px&#8220; animation_style=&#8220;slide&#8220; animation_direction=&#8220;top&#8220; animation_intensity_slide=&#8220;1%&#8220; header_text_shadow_style=&#8220;preset5&#8243; header_text_shadow_horizontal_length=&#8220;0.06em&#8220; header_text_shadow_vertical_length=&#8220;0.06em&#8220; header_text_shadow_color=&#8220;#0072bc&#8220; header_2_text_shadow_style=&#8220;preset5&#8243; header_2_text_shadow_horizontal_length=&#8220;0.06em&#8220; header_2_text_shadow_vertical_length=&#8220;0.06em&#8220; header_2_text_shadow_color=&#8220;#0072bc&#8220;]<\/p>\n<h2>Kondensation<\/h2>\n<p>Das Auftreten von Kondenswasser auf Verglasungen, ein Ph\u00e4nomen, das bei Einscheibenglas \u00fcber weite Strecken des Jahres auftritt, wird als einer der Vorteile des Einbaus von Isolierdoppelglas angesehen. Es kann jedoch in bestimmten Situationen passieren, was auch auf der isolierenden Hocheffizienz-Doppelglaskondensation auftritt. Es ist eigentlich ein Beweis f\u00fcr den hohen Isolationswert dieser Art von Verglasung, wie funktioniert das; Kondensation auf der Au\u00dfenseite kann bei niedriger Au\u00dfentemperatur bei hoher relativer Luftfeuchtigkeit (Nebelperioden im Fr\u00fchjahr oder Herbst) auftreten. Das Kondensationsrisiko ist in den Morgenstunden morgens oder im Herbst am gr\u00f6\u00dften! Die Kondensation verschwindet automatisch, sobald die Au\u00dfentemperatur steigt und die Luftfeuchtigkeit abnimmt (vergleichen Sie es mit Ihrem Auto, wenn Sie das Auto w\u00e4hrend dieser Zeit starten, haben Sie die Fenster von au\u00dfen Teig, schalten Sie den Booster auf warm dann die Kondensation verschwindet automatisch ohne die Wischer). Diese Kondensation wird nicht durch einen Fehler im Produkt verursacht, sondern gerade aufgrund der sehr hohen W\u00e4rmed\u00e4mmung dieser Art von Verglasung (es l\u00e4sst die warme Luft nicht durch die Verglasung gehen). Kondensation nach au\u00dfen tritt nur in einer begrenzten Anzahl von Situationen auf, kann aber leider nicht verhindert werden. Die Trocknung macht keinen Sinn, solange die Au\u00dfentemperatur niedrig bleibt und die relative Luftfeuchtigkeit drau\u00dfen hoch ist, wird die Kondensation auch nach dem Trocknen des Reibens wiederkehren, bis sich die Wetterlage anpasst, sobald sich dies geschehen ist, wird die Kondensation von selbst verschwinden!<\/p>\n<p>[\/et_pb_text][\/et_pb_column][\/et_pb_row][\/et_pb_section]<\/p>\n","protected":false},"excerpt":{"rendered":"<p>HintergrundDrehkippfenstermit gesicherter Kipp\u00f6ffnung Einbruchfest bel\u00fcftet! Im Vergleich zu herk\u00f6mmlichen Dreh-Kippfenstern hat der activPilot PADK (Parallel-Abstell-Dreh-Kipp-Beschlag) neben den \u00d6ffnungsm\u00f6glichkeiten und dem &#8222;Kippen&#8220; neben einer weiteren \u00d6ffnungsdimension eine weitere \u00d6ffnungsdimension: &#8222;Parallel einstellen&#8220;. Der Fensterfl\u00fcgel wird parallel zum Fensterrahmen eingestellt. Dadurch entsteht ein ca. 6 mm breiter Luftspalt, der eine nat\u00fcrliche und sichere Bel\u00fcftung bei allen Wetterbedingungen gew\u00e4hrleistet. [&hellip;]<\/p>\n","protected":false},"author":10,"featured_media":0,"parent":0,"menu_order":70,"comment_status":"closed","ping_status":"closed","template":"","meta":{"_et_pb_use_builder":"on","_et_pb_old_content":"","_et_gb_content_width":"","footnotes":""},"class_list":["post-2207","page","type-page","status-publish","hentry"],"_links":{"self":[{"href":"https:\/\/www.wanders.de\/de\/wp-json\/wp\/v2\/pages\/2207","targetHints":{"allow":["GET"]}}],"collection":[{"href":"https:\/\/www.wanders.de\/de\/wp-json\/wp\/v2\/pages"}],"about":[{"href":"https:\/\/www.wanders.de\/de\/wp-json\/wp\/v2\/types\/page"}],"author":[{"embeddable":true,"href":"https:\/\/www.wanders.de\/de\/wp-json\/wp\/v2\/users\/10"}],"replies":[{"embeddable":true,"href":"https:\/\/www.wanders.de\/de\/wp-json\/wp\/v2\/comments?post=2207"}],"version-history":[{"count":5,"href":"https:\/\/www.wanders.de\/de\/wp-json\/wp\/v2\/pages\/2207\/revisions"}],"predecessor-version":[{"id":2686,"href":"https:\/\/www.wanders.de\/de\/wp-json\/wp\/v2\/pages\/2207\/revisions\/2686"}],"wp:attachment":[{"href":"https:\/\/www.wanders.de\/de\/wp-json\/wp\/v2\/media?parent=2207"}],"curies":[{"name":"wp","href":"https:\/\/api.w.org\/{rel}","templated":true}]}}